{"id":18,"date":"2025-06-22T19:09:33","date_gmt":"2025-06-22T17:09:33","guid":{"rendered":"http:\/\/serwer280495.lh.pl\/autoinstalator\/serwer280495.lh.pl\/wordpress124623\/?page_id=18"},"modified":"2025-07-19T12:48:21","modified_gmt":"2025-07-19T10:48:21","slug":"rekrutacja","status":"publish","type":"page","link":"https:\/\/podyplomoweinfo.pl\/index.php\/rekrutacja\/","title":{"rendered":"Rekrutacja"},"content":{"rendered":"\t\t<div data-elementor-type=\"wp-page\" data-elementor-id=\"18\" class=\"elementor elementor-18\">\n\t\t\t\t<div class=\"elementor-element elementor-element-44ebade e-flex e-con-boxed e-con e-parent\" data-id=\"44ebade\" data-element_type=\"container\">\n\t\t\t\t\t<div class=\"e-con-inner\">\n\t\t\t\t<div class=\"elementor-element elementor-element-f9ae819 elementor-widget elementor-widget-html\" data-id=\"f9ae819\" data-element_type=\"widget\" data-widget_type=\"html.default\">\n\t\t\t\t<div class=\"elementor-widget-container\">\n\t\t\t\t\t<!DOCTYPE html>\r\n<html lang=\"pl\">\r\n<head>\r\n  <meta charset=\"UTF-8\" \/>\r\n  <meta name=\"viewport\" content=\"width=device-width, initial-scale=1\" \/>\r\n  <title>Zasady rekrutacji<\/title>\r\n  <link rel=\"stylesheet\" href=\"https:\/\/cdnjs.cloudflare.com\/ajax\/libs\/font-awesome\/6.5.0\/css\/all.min.css\" \/>\r\n<\/head>\r\n<body>\r\n\r\n<div style=\"\r\n  background-color: #f9fafc;\r\n  border-radius: 16px;\r\n  padding: 40px 30px;\r\n  box-shadow: 0 6px 16px rgba(0,0,0,0.06);\r\n  font-family: 'Segoe UI', sans-serif;\r\n  max-width: 900px;\r\n  margin: 40px auto;\r\n  color: #333;\r\n  line-height: 1.6;\r\n\">\r\n\r\n  <h2 style=\"text-align: center; color: #1d3e8a; font-size: 28px; font-weight: 700; margin-bottom: 30px;\">\r\n    Zasady rekrutacji na studia podyplomowe\r\n  <\/h2>\r\n\r\n  <p style=\"font-size: 17px; text-align: center; margin-bottom: 30px;\">\r\n    Nasze zasady rekrutacji s\u0105 naprawd\u0119 proste i przejrzyste. Wystarczy przej\u015b\u0107 3 kroki, aby rozpocz\u0105\u0107 nauk\u0119 na wybranym kierunku studi\u00f3w podyplomowych:\r\n  <\/p>\r\n\r\n  <div style=\"margin-bottom: 30px;\">\r\n    <h3 style=\"color: #1d3e8a; font-size: 20px; font-weight: 600;\">KROK 1: Przygotuj wymagane dokumenty<\/h3>\r\n    <p>Prze\u015blij do nas komplet dokument\u00f3w rekrutacyjnych:<\/p>\r\n    <ul style=\"padding-left: 20px; list-style: none;\">\r\n      <li><i class=\"fas fa-check-circle\" style=\"color: green;\"><\/i> Wype\u0142niony formularz zg\u0142oszeniowy na studia podyplomowe<\/li>\r\n      <li><i class=\"fas fa-check-circle\" style=\"color: green;\"><\/i> Kserokopia dyplomu uko\u0144czenia studi\u00f3w wy\u017cszych<br>(jednolitych magisterskich lub I i II stopnia)<\/li>\r\n      <li><i class=\"fas fa-check-circle\" style=\"color: green;\"><\/i> Dokument potwierdzaj\u0105cy przygotowanie pedagogiczne<br><span style=\"color: #777;\">(tylko w przypadku rekrutacji na studia 3-semestralne, daj\u0105ce kwalifikacje do pracy w o\u015bwiacie)<\/span><\/li>\r\n    <\/ul>\r\n  <\/div>\r\n\r\n  <div style=\"margin-bottom: 30px;\">\r\n    <h3 style=\"color: #1d3e8a; font-size: 20px; font-weight: 600;\">KROK 2: Podpisz i ode\u015blij dokumenty<\/h3>\r\n    <p>Podpisany komplet dokument\u00f3w mo\u017cesz przes\u0142a\u0107:<\/p>\r\n    <ul style=\"padding-left: 20px; list-style: none;\">\r\n      <li><i class=\"fas fa-envelope\" style=\"color: #1d3e8a;\"><\/i> <strong>Mailowo:<\/strong> <a href=\"mailto:studia.wsnp@gmail.com\" style=\"color: #1d3e8a;\">studia.wsnp@gmail.com<\/a><\/li>\r\n      <li><i class=\"fas fa-paper-plane\" style=\"color: #1d3e8a;\"><\/i> <strong>LUB listownie na adres:<\/strong><br>Punkt Konsultacyjno-Rekrutacyjny<\/li>\r\n    <\/ul>\r\n  <\/div>\r\n\r\n  <div style=\"margin-bottom: 30px;\">\r\n    <h3 style=\"color: #1d3e8a; font-size: 20px; font-weight: 600;\">KROK 3: Op\u0142a\u0107 rekrutacj\u0119<\/h3>\r\n    <p>Po otrzymaniu dokument\u00f3w, wygenerujemy dla Ciebie umow\u0119 oraz indywidualny numer konta bankowego przypisany tylko do Ciebie i Twojego kierunku studi\u00f3w.<\/p>\r\n    <p style=\"margin: 10px 0;\"><strong><i class=\"fas fa-coins\" style=\"color: #1d3e8a;\"><\/i> 85 z\u0142<\/strong> \u2013 op\u0142ata rekrutacyjna<\/p>\r\n    <p style=\"margin: 10px 0;\"><strong><i class=\"fas fa-thumbtack\" style=\"color: #1d3e8a;\"><\/i> W tytule przelewu wpisz:<\/strong><br>\u201eop\u0142ata rekrutacyjna \u2013 imi\u0119 i nazwisko \u2013 kierunek studi\u00f3w\u201d<\/p>\r\n    <p style=\"color: #b30000;\"><strong>Uwaga:<\/strong> Op\u0142ata rekrutacyjna nie podlega zwrotowi.<\/p>\r\n  <\/div>\r\n\r\n\r\n\r\n<\/div> <div style=\"background-color: #eef1f8; padding: 20px; border-radius: 12px;\">\r\n  <p style=\"margin: 0 0 10px 0; font-size: 16px;\">\r\n    <i class=\"fas fa-file-alt\" style=\"color:#1d3e8a;\"><\/i> Wszystkie niezb\u0119dne formularze oraz szczeg\u00f3\u0142owe informacje znajdziesz do pobrania na naszej stronie internetowej (poni\u017cej).\r\n  <\/p>\r\n  <a href=\"https:\/\/podyplomoweinfo.pl\/wp-content\/uploads\/2025\/07\/Kwestionariusz-isp-2024r.word_.pdf\"\r\n     download\r\n     style=\"display: inline-block; margin-top: 10px; background-color: #1d3e8a; color: white; text-decoration: none; padding: 10px 20px; border-radius: 8px; font-weight: 600;\">\r\n    <i class=\"fas fa-download\"><\/i> Pobierz formularz\r\n  <\/a>\r\n<\/div>\r\n\r\n\r\n<\/body>\r\n<\/html>\r\n\t\t\t\t<\/div>\n\t\t\t\t<\/div>\n\t\t\t\t\t<\/div>\n\t\t\t\t<\/div>\n\t\t\t\t<\/div>\n\t\t","protected":false},"excerpt":{"rendered":"<p>Zasady rekrutacji Zasady rekrutacji na studia podyplomowe Nasze zasady rekrutacji s\u0105 naprawd\u0119 proste i przejrzyste. Wystarczy przej\u015b\u0107 3 kroki, aby [&hellip;]<\/p>\n","protected":false},"author":1,"featured_media":0,"parent":0,"menu_order":0,"comment_status":"closed","ping_status":"closed","template":"","meta":{"site-sidebar-layout":"no-sidebar","site-content-layout":"","ast-site-content-layout":"full-width-container","site-content-style":"default","site-sidebar-style":"default","ast-global-header-display":"","ast-banner-title-visibility":"","ast-main-header-display":"","ast-hfb-above-header-display":"","ast-hfb-below-header-display":"","ast-hfb-mobile-header-display":"","site-post-title":"disabled","ast-breadcrumbs-content":"","ast-featured-img":"disabled","footer-sml-layout":"","theme-transparent-header-meta":"","adv-header-id-meta":"","stick-header-meta":"","header-above-stick-meta":"","header-main-stick-meta":"","header-below-stick-meta":"","astra-migrate-meta-layouts":"default","ast-page-background-enabled":"default","ast-page-background-meta":{"desktop":{"background-color":"var(--ast-global-color-5)","background-image":"","background-repeat":"repeat","background-position":"center center","background-size":"auto","background-attachment":"scroll","background-type":"","background-media":"","overlay-type":"","overlay-color":"","overlay-opacity":"","overlay-gradient":""},"tablet":{"background-color":"","background-image":"","background-repeat":"repeat","background-position":"center center","background-size":"auto","background-attachment":"scroll","background-type":"","background-media":"","overlay-type":"","overlay-color":"","overlay-opacity":"","overlay-gradient":""},"mobile":{"background-color":"","background-image":"","background-repeat":"repeat","background-position":"center center","background-size":"auto","background-attachment":"scroll","background-type":"","background-media":"","overlay-type":"","overlay-color":"","overlay-opacity":"","overlay-gradient":""}},"ast-content-background-meta":{"desktop":{"background-color":"var(--ast-global-color-4)","background-image":"","background-repeat":"repeat","background-position":"center center","background-size":"auto","background-attachment":"scroll","background-type":"","background-media":"","overlay-type":"","overlay-color":"","overlay-opacity":"","overlay-gradient":""},"tablet":{"background-color":"var(--ast-global-color-4)","background-image":"","background-repeat":"repeat","background-position":"center center","background-size":"auto","background-attachment":"scroll","background-type":"","background-media":"","overlay-type":"","overlay-color":"","overlay-opacity":"","overlay-gradient":""},"mobile":{"background-color":"var(--ast-global-color-4)","background-image":"","background-repeat":"repeat","background-position":"center center","background-size":"auto","background-attachment":"scroll","background-type":"","background-media":"","overlay-type":"","overlay-color":"","overlay-opacity":"","overlay-gradient":""}},"footnotes":""},"class_list":["post-18","page","type-page","status-publish","hentry"],"yoast_head":"<!-- This site is optimized with the Yoast SEO plugin v25.5 - https:\/\/yoast.com\/wordpress\/plugins\/seo\/ -->\n<title>Rekrutacja - Punkt Konsulatacyjno Rekrutacyjny<\/title>\n<meta name=\"robots\" content=\"index, follow, max-snippet:-1, max-image-preview:large, max-video-preview:-1\" \/>\n<link rel=\"canonical\" href=\"https:\/\/podyplomoweinfo.pl\/index.php\/rekrutacja\/\" \/>\n<meta property=\"og:locale\" content=\"pl_PL\" \/>\n<meta property=\"og:type\" content=\"article\" \/>\n<meta property=\"og:title\" content=\"Rekrutacja - Punkt Konsulatacyjno Rekrutacyjny\" \/>\n<meta property=\"og:description\" content=\"Zasady rekrutacji Zasady rekrutacji na studia podyplomowe Nasze zasady rekrutacji s\u0105 naprawd\u0119 proste i przejrzyste. Wystarczy przej\u015b\u0107 3 kroki, aby [&hellip;]\" \/>\n<meta property=\"og:url\" content=\"https:\/\/podyplomoweinfo.pl\/index.php\/rekrutacja\/\" \/>\n<meta property=\"og:site_name\" content=\"Punkt Konsulatacyjno Rekrutacyjny\" \/>\n<meta property=\"article:publisher\" content=\"https:\/\/www.facebook.com\/profile.php?id=61560773511059\" \/>\n<meta property=\"article:modified_time\" content=\"2025-07-19T10:48:21+00:00\" \/>\n<meta name=\"twitter:card\" content=\"summary_large_image\" \/>\n<meta name=\"twitter:label1\" content=\"Szacowany czas czytania\" \/>\n\t<meta name=\"twitter:data1\" content=\"1 minuta\" \/>\n<script type=\"application\/ld+json\" class=\"yoast-schema-graph\">{\"@context\":\"https:\/\/schema.org\",\"@graph\":[{\"@type\":\"WebPage\",\"@id\":\"https:\/\/podyplomoweinfo.pl\/index.php\/rekrutacja\/\",\"url\":\"https:\/\/podyplomoweinfo.pl\/index.php\/rekrutacja\/\",\"name\":\"Rekrutacja - Punkt Konsulatacyjno Rekrutacyjny\",\"isPartOf\":{\"@id\":\"https:\/\/podyplomoweinfo.pl\/#website\"},\"datePublished\":\"2025-06-22T17:09:33+00:00\",\"dateModified\":\"2025-07-19T10:48:21+00:00\",\"breadcrumb\":{\"@id\":\"https:\/\/podyplomoweinfo.pl\/index.php\/rekrutacja\/#breadcrumb\"},\"inLanguage\":\"pl-PL\",\"potentialAction\":[{\"@type\":\"ReadAction\",\"target\":[\"https:\/\/podyplomoweinfo.pl\/index.php\/rekrutacja\/\"]}]},{\"@type\":\"BreadcrumbList\",\"@id\":\"https:\/\/podyplomoweinfo.pl\/index.php\/rekrutacja\/#breadcrumb\",\"itemListElement\":[{\"@type\":\"ListItem\",\"position\":1,\"name\":\"Strona g\u0142\u00f3wna\",\"item\":\"https:\/\/podyplomoweinfo.pl\/\"},{\"@type\":\"ListItem\",\"position\":2,\"name\":\"Rekrutacja\"}]},{\"@type\":\"WebSite\",\"@id\":\"https:\/\/podyplomoweinfo.pl\/#website\",\"url\":\"https:\/\/podyplomoweinfo.pl\/\",\"name\":\"Punkt Konsulatacyjno Rekrutacyjny\",\"description\":\"\",\"publisher\":{\"@id\":\"https:\/\/podyplomoweinfo.pl\/#organization\"},\"potentialAction\":[{\"@type\":\"SearchAction\",\"target\":{\"@type\":\"EntryPoint\",\"urlTemplate\":\"https:\/\/podyplomoweinfo.pl\/?s={search_term_string}\"},\"query-input\":{\"@type\":\"PropertyValueSpecification\",\"valueRequired\":true,\"valueName\":\"search_term_string\"}}],\"inLanguage\":\"pl-PL\"},{\"@type\":\"Organization\",\"@id\":\"https:\/\/podyplomoweinfo.pl\/#organization\",\"name\":\"Punkt Konsulatacyjno Rekrutacyjny\",\"url\":\"https:\/\/podyplomoweinfo.pl\/\",\"logo\":{\"@type\":\"ImageObject\",\"inLanguage\":\"pl-PL\",\"@id\":\"https:\/\/podyplomoweinfo.pl\/#\/schema\/logo\/image\/\",\"url\":\"https:\/\/podyplomoweinfo.pl\/wp-content\/uploads\/2025\/06\/cropped-cropped-cropped-ChatGPT-Image-23-cze-2025-18_18_09.png\",\"contentUrl\":\"https:\/\/podyplomoweinfo.pl\/wp-content\/uploads\/2025\/06\/cropped-cropped-cropped-ChatGPT-Image-23-cze-2025-18_18_09.png\",\"width\":1020,\"height\":810,\"caption\":\"Punkt Konsulatacyjno Rekrutacyjny\"},\"image\":{\"@id\":\"https:\/\/podyplomoweinfo.pl\/#\/schema\/logo\/image\/\"},\"sameAs\":[\"https:\/\/www.facebook.com\/profile.php?id=61560773511059\"]}]}<\/script>\n<!-- \/ Yoast SEO plugin. -->","yoast_head_json":{"title":"Rekrutacja - Punkt Konsulatacyjno Rekrutacyjny","robots":{"index":"index","follow":"follow","max-snippet":"max-snippet:-1","max-image-preview":"max-image-preview:large","max-video-preview":"max-video-preview:-1"},"canonical":"https:\/\/podyplomoweinfo.pl\/index.php\/rekrutacja\/","og_locale":"pl_PL","og_type":"article","og_title":"Rekrutacja - Punkt Konsulatacyjno Rekrutacyjny","og_description":"Zasady rekrutacji Zasady rekrutacji na studia podyplomowe Nasze zasady rekrutacji s\u0105 naprawd\u0119 proste i przejrzyste. Wystarczy przej\u015b\u0107 3 kroki, aby [&hellip;]","og_url":"https:\/\/podyplomoweinfo.pl\/index.php\/rekrutacja\/","og_site_name":"Punkt Konsulatacyjno Rekrutacyjny","article_publisher":"https:\/\/www.facebook.com\/profile.php?id=61560773511059","article_modified_time":"2025-07-19T10:48:21+00:00","twitter_card":"summary_large_image","twitter_misc":{"Szacowany czas czytania":"1 minuta"},"schema":{"@context":"https:\/\/schema.org","@graph":[{"@type":"WebPage","@id":"https:\/\/podyplomoweinfo.pl\/index.php\/rekrutacja\/","url":"https:\/\/podyplomoweinfo.pl\/index.php\/rekrutacja\/","name":"Rekrutacja - Punkt Konsulatacyjno Rekrutacyjny","isPartOf":{"@id":"https:\/\/podyplomoweinfo.pl\/#website"},"datePublished":"2025-06-22T17:09:33+00:00","dateModified":"2025-07-19T10:48:21+00:00","breadcrumb":{"@id":"https:\/\/podyplomoweinfo.pl\/index.php\/rekrutacja\/#breadcrumb"},"inLanguage":"pl-PL","potentialAction":[{"@type":"ReadAction","target":["https:\/\/podyplomoweinfo.pl\/index.php\/rekrutacja\/"]}]},{"@type":"BreadcrumbList","@id":"https:\/\/podyplomoweinfo.pl\/index.php\/rekrutacja\/#breadcrumb","itemListElement":[{"@type":"ListItem","position":1,"name":"Strona g\u0142\u00f3wna","item":"https:\/\/podyplomoweinfo.pl\/"},{"@type":"ListItem","position":2,"name":"Rekrutacja"}]},{"@type":"WebSite","@id":"https:\/\/podyplomoweinfo.pl\/#website","url":"https:\/\/podyplomoweinfo.pl\/","name":"Punkt Konsulatacyjno Rekrutacyjny","description":"","publisher":{"@id":"https:\/\/podyplomoweinfo.pl\/#organization"},"potentialAction":[{"@type":"SearchAction","target":{"@type":"EntryPoint","urlTemplate":"https:\/\/podyplomoweinfo.pl\/?s={search_term_string}"},"query-input":{"@type":"PropertyValueSpecification","valueRequired":true,"valueName":"search_term_string"}}],"inLanguage":"pl-PL"},{"@type":"Organization","@id":"https:\/\/podyplomoweinfo.pl\/#organization","name":"Punkt Konsulatacyjno Rekrutacyjny","url":"https:\/\/podyplomoweinfo.pl\/","logo":{"@type":"ImageObject","inLanguage":"pl-PL","@id":"https:\/\/podyplomoweinfo.pl\/#\/schema\/logo\/image\/","url":"https:\/\/podyplomoweinfo.pl\/wp-content\/uploads\/2025\/06\/cropped-cropped-cropped-ChatGPT-Image-23-cze-2025-18_18_09.png","contentUrl":"https:\/\/podyplomoweinfo.pl\/wp-content\/uploads\/2025\/06\/cropped-cropped-cropped-ChatGPT-Image-23-cze-2025-18_18_09.png","width":1020,"height":810,"caption":"Punkt Konsulatacyjno Rekrutacyjny"},"image":{"@id":"https:\/\/podyplomoweinfo.pl\/#\/schema\/logo\/image\/"},"sameAs":["https:\/\/www.facebook.com\/profile.php?id=61560773511059"]}]}},"_links":{"self":[{"href":"https:\/\/podyplomoweinfo.pl\/index.php\/wp-json\/wp\/v2\/pages\/18","targetHints":{"allow":["GET"]}}],"collection":[{"href":"https:\/\/podyplomoweinfo.pl\/index.php\/wp-json\/wp\/v2\/pages"}],"about":[{"href":"https:\/\/podyplomoweinfo.pl\/index.php\/wp-json\/wp\/v2\/types\/page"}],"author":[{"embeddable":true,"href":"https:\/\/podyplomoweinfo.pl\/index.php\/wp-json\/wp\/v2\/users\/1"}],"replies":[{"embeddable":true,"href":"https:\/\/podyplomoweinfo.pl\/index.php\/wp-json\/wp\/v2\/comments?post=18"}],"version-history":[{"count":10,"href":"https:\/\/podyplomoweinfo.pl\/index.php\/wp-json\/wp\/v2\/pages\/18\/revisions"}],"predecessor-version":[{"id":574,"href":"https:\/\/podyplomoweinfo.pl\/index.php\/wp-json\/wp\/v2\/pages\/18\/revisions\/574"}],"wp:attachment":[{"href":"https:\/\/podyplomoweinfo.pl\/index.php\/wp-json\/wp\/v2\/media?parent=18"}],"curies":[{"name":"wp","href":"https:\/\/api.w.org\/{rel}","templated":true}]}}